{"id":15,"date":"2024-07-03T10:49:49","date_gmt":"2024-07-03T10:49:49","guid":{"rendered":"https:\/\/attiva.es\/?page_id=15"},"modified":"2024-07-04T07:15:28","modified_gmt":"2024-07-04T07:15:28","slug":"inicio","status":"publish","type":"page","link":"https:\/\/attiva.es\/","title":{"rendered":"P\u00e1gina de Inicio"},"content":{"rendered":"\t\t<div data-elementor-type=\"wp-page\" data-elementor-id=\"15\" class=\"elementor elementor-15\" data-elementor-post-type=\"page\">\n\t\t\t\t<div class=\"elementor-element elementor-element-9917ec5 e-flex e-con-boxed e-con e-parent\" data-id=\"9917ec5\" data-element_type=\"container\" data-e-type=\"container\" data-settings=\"{&quot;background_background&quot;:&quot;video&quot;,&quot;background_video_link&quot;:&quot;https:\\\/\\\/attiva.es\\\/wp-content\\\/uploads\\\/2024\\\/07\\\/AdobeStock_407938479.mov&quot;,&quot;background_play_on_mobile&quot;:&quot;yes&quot;}\">\n\t\t\t\t\t<div class=\"e-con-inner\">\n\t\t<div class=\"elementor-background-video-container\">\n\t\t\t\t\t\t\t<video class=\"elementor-background-video-hosted\" role=\"presentation\" autoplay muted playsinline loop><\/video>\n\t\t\t\t\t<\/div>\t\t<div class=\"elementor-element elementor-element-6411718 elementor-widget__width-initial elementor-widget elementor-widget-text-editor\" data-id=\"6411718\" data-element_type=\"widget\" data-e-type=\"widget\" data-widget_type=\"text-editor.default\">\n\t\t\t\t<div class=\"elementor-widget-container\">\n\t\t\t\t\t\t\t\t\t<p><strong>Somos Grupo Attiva, un grupo empresarial conformado por entidades destacadas especializadas en multitud de servicios<\/strong><\/p>\t\t\t\t\t\t\t\t<\/div>\n\t\t\t\t<\/div>\n\t\t\t\t<div class=\"elementor-element elementor-element-037a0f4 elementor-widget__width-initial elementor-widget elementor-widget-text-editor\" data-id=\"037a0f4\" data-element_type=\"widget\" data-e-type=\"widget\" data-widget_type=\"text-editor.default\">\n\t\t\t\t<div class=\"elementor-widget-container\">\n\t\t\t\t\t\t\t\t\t<p>Actualmente estamos trabajando en mejorar attiva.es para nuestros m\u00e1s de 90.000 clientes<\/p>\t\t\t\t\t\t\t\t<\/div>\n\t\t\t\t<\/div>\n\t\t\t\t<div class=\"elementor-element elementor-element-f5e9b50 elementor-widget-divider--view-line elementor-widget elementor-widget-divider\" data-id=\"f5e9b50\" data-element_type=\"widget\" data-e-type=\"widget\" data-widget_type=\"divider.default\">\n\t\t\t\t<div class=\"elementor-widget-container\">\n\t\t\t\t\t\t\t<div class=\"elementor-divider\">\n\t\t\t<span class=\"elementor-divider-separator\">\n\t\t\t\t\t\t<\/span>\n\t\t<\/div>\n\t\t\t\t\t\t<\/div>\n\t\t\t\t<\/div>\n\t\t\t\t<div class=\"elementor-element elementor-element-3411562 elementor-widget elementor-widget-text-editor\" data-id=\"3411562\" data-element_type=\"widget\" data-e-type=\"widget\" data-widget_type=\"text-editor.default\">\n\t\t\t\t<div class=\"elementor-widget-container\">\n\t\t\t\t\t\t\t\t\t<p>Podremos ofrecerles nuestros servicios muy pronto<\/p>\t\t\t\t\t\t\t\t<\/div>\n\t\t\t\t<\/div>\n\t\t\t\t\t<\/div>\n\t\t\t\t<\/div>\n\t\t<div class=\"elementor-element elementor-element-84d6513 elementor-hidden-mobile e-flex e-con-boxed e-con e-parent\" data-id=\"84d6513\" data-element_type=\"container\" data-e-type=\"container\" data-settings=\"{&quot;background_background&quot;:&quot;classic&quot;}\">\n\t\t\t\t\t<div class=\"e-con-inner\">\n\t\t<div class=\"elementor-element elementor-element-3024408 e-grid e-con-boxed e-con e-child\" data-id=\"3024408\" data-element_type=\"container\" data-e-type=\"container\">\n\t\t\t\t\t<div class=\"e-con-inner\">\n\t\t<div class=\"elementor-element elementor-element-51b3b12 e-con-full e-flex e-con e-child\" data-id=\"51b3b12\" data-element_type=\"container\" data-e-type=\"container\">\n\t\t\t\t<div class=\"elementor-element elementor-element-4f7b505 elementor-widget elementor-widget-image\" data-id=\"4f7b505\" data-element_type=\"widget\" data-e-type=\"widget\" data-widget_type=\"image.default\">\n\t\t\t\t<div class=\"elementor-widget-container\">\n\t\t\t\t\t\t\t\t\t\t\t\t\t\t\t<img fetchpriority=\"high\" decoding=\"async\" width=\"324\" height=\"325\" src=\"https:\/\/attiva.es\/wp-content\/uploads\/2024\/07\/libro@2x.png\" class=\"attachment-full size-full wp-image-131\" alt=\"\" srcset=\"https:\/\/attiva.es\/wp-content\/uploads\/2024\/07\/libro@2x.png 324w, https:\/\/attiva.es\/wp-content\/uploads\/2024\/07\/libro@2x-300x300.png 300w, https:\/\/attiva.es\/wp-content\/uploads\/2024\/07\/libro@2x-150x150.png 150w\" sizes=\"(max-width: 324px) 100vw, 324px\" \/>\t\t\t\t\t\t\t\t\t\t\t\t\t\t\t<\/div>\n\t\t\t\t<\/div>\n\t\t\t\t<div class=\"elementor-element elementor-element-3734525 elementor-widget elementor-widget-heading\" data-id=\"3734525\" data-element_type=\"widget\" data-e-type=\"widget\" data-widget_type=\"heading.default\">\n\t\t\t\t<div class=\"elementor-widget-container\">\n\t\t\t\t\t<h2 class=\"elementor-heading-title elementor-size-default\">FORMACI\u00d3N<\/h2>\t\t\t\t<\/div>\n\t\t\t\t<\/div>\n\t\t\t\t<\/div>\n\t\t<div class=\"elementor-element elementor-element-7a6b100 e-con-full e-flex e-con e-child\" data-id=\"7a6b100\" data-element_type=\"container\" data-e-type=\"container\">\n\t\t\t\t<div class=\"elementor-element elementor-element-d25e6d3 elementor-widget elementor-widget-image\" data-id=\"d25e6d3\" data-element_type=\"widget\" data-e-type=\"widget\" data-widget_type=\"image.default\">\n\t\t\t\t<div class=\"elementor-widget-container\">\n\t\t\t\t\t\t\t\t\t\t\t\t\t\t\t<img decoding=\"async\" width=\"325\" height=\"325\" src=\"https:\/\/attiva.es\/wp-content\/uploads\/2024\/07\/legal@2x.png\" class=\"attachment-full size-full wp-image-130\" alt=\"\" srcset=\"https:\/\/attiva.es\/wp-content\/uploads\/2024\/07\/legal@2x.png 325w, https:\/\/attiva.es\/wp-content\/uploads\/2024\/07\/legal@2x-300x300.png 300w, https:\/\/attiva.es\/wp-content\/uploads\/2024\/07\/legal@2x-150x150.png 150w\" sizes=\"(max-width: 325px) 100vw, 325px\" \/>\t\t\t\t\t\t\t\t\t\t\t\t\t\t\t<\/div>\n\t\t\t\t<\/div>\n\t\t\t\t<div class=\"elementor-element elementor-element-848a865 elementor-widget elementor-widget-heading\" data-id=\"848a865\" data-element_type=\"widget\" data-e-type=\"widget\" data-widget_type=\"heading.default\">\n\t\t\t\t<div class=\"elementor-widget-container\">\n\t\t\t\t\t<h2 class=\"elementor-heading-title elementor-size-default\">IMPLANTACIONES LEGALES<\/h2>\t\t\t\t<\/div>\n\t\t\t\t<\/div>\n\t\t\t\t<\/div>\n\t\t<div class=\"elementor-element elementor-element-e8757d7 e-con-full e-flex e-con e-child\" data-id=\"e8757d7\" data-element_type=\"container\" data-e-type=\"container\">\n\t\t\t\t<div class=\"elementor-element elementor-element-3d1428a elementor-widget elementor-widget-image\" data-id=\"3d1428a\" data-element_type=\"widget\" data-e-type=\"widget\" data-widget_type=\"image.default\">\n\t\t\t\t<div class=\"elementor-widget-container\">\n\t\t\t\t\t\t\t\t\t\t\t\t\t\t\t<img decoding=\"async\" width=\"325\" height=\"325\" src=\"https:\/\/attiva.es\/wp-content\/uploads\/2024\/07\/call-centre@2x.png\" class=\"attachment-full size-full wp-image-128\" alt=\"\" srcset=\"https:\/\/attiva.es\/wp-content\/uploads\/2024\/07\/call-centre@2x.png 325w, https:\/\/attiva.es\/wp-content\/uploads\/2024\/07\/call-centre@2x-300x300.png 300w, https:\/\/attiva.es\/wp-content\/uploads\/2024\/07\/call-centre@2x-150x150.png 150w\" sizes=\"(max-width: 325px) 100vw, 325px\" \/>\t\t\t\t\t\t\t\t\t\t\t\t\t\t\t<\/div>\n\t\t\t\t<\/div>\n\t\t\t\t<div class=\"elementor-element elementor-element-8f8c7ab elementor-widget elementor-widget-heading\" data-id=\"8f8c7ab\" data-element_type=\"widget\" data-e-type=\"widget\" data-widget_type=\"heading.default\">\n\t\t\t\t<div class=\"elementor-widget-container\">\n\t\t\t\t\t<h2 class=\"elementor-heading-title elementor-size-default\">CALL CENTER<\/h2>\t\t\t\t<\/div>\n\t\t\t\t<\/div>\n\t\t\t\t<\/div>\n\t\t<div class=\"elementor-element elementor-element-930e7a4 e-con-full e-flex e-con e-child\" data-id=\"930e7a4\" data-element_type=\"container\" data-e-type=\"container\">\n\t\t\t\t<div class=\"elementor-element elementor-element-e05791f elementor-widget elementor-widget-image\" data-id=\"e05791f\" data-element_type=\"widget\" data-e-type=\"widget\" data-widget_type=\"image.default\">\n\t\t\t\t<div class=\"elementor-widget-container\">\n\t\t\t\t\t\t\t\t\t\t\t\t\t\t\t<img loading=\"lazy\" decoding=\"async\" width=\"324\" height=\"325\" src=\"https:\/\/attiva.es\/wp-content\/uploads\/2024\/07\/diseno-web@2x.png\" class=\"attachment-full size-full wp-image-129\" alt=\"\" srcset=\"https:\/\/attiva.es\/wp-content\/uploads\/2024\/07\/diseno-web@2x.png 324w, https:\/\/attiva.es\/wp-content\/uploads\/2024\/07\/diseno-web@2x-300x300.png 300w, https:\/\/attiva.es\/wp-content\/uploads\/2024\/07\/diseno-web@2x-150x150.png 150w\" sizes=\"(max-width: 324px) 100vw, 324px\" \/>\t\t\t\t\t\t\t\t\t\t\t\t\t\t\t<\/div>\n\t\t\t\t<\/div>\n\t\t\t\t<div class=\"elementor-element elementor-element-9cb445d elementor-widget elementor-widget-heading\" data-id=\"9cb445d\" data-element_type=\"widget\" data-e-type=\"widget\" data-widget_type=\"heading.default\">\n\t\t\t\t<div class=\"elementor-widget-container\">\n\t\t\t\t\t<h2 class=\"elementor-heading-title elementor-size-default\">DISE\u00d1O WEB<\/h2>\t\t\t\t<\/div>\n\t\t\t\t<\/div>\n\t\t\t\t<\/div>\n\t\t\t\t\t<\/div>\n\t\t\t\t<\/div>\n\t\t<div class=\"elementor-element elementor-element-2d19fbc e-con-full e-flex e-con e-child\" data-id=\"2d19fbc\" data-element_type=\"container\" data-e-type=\"container\" data-settings=\"{&quot;background_background&quot;:&quot;classic&quot;}\">\n\t\t\t\t<div class=\"elementor-element elementor-element-3cc37ea elementor-widget elementor-widget-heading\" data-id=\"3cc37ea\" data-element_type=\"widget\" data-e-type=\"widget\" data-widget_type=\"heading.default\">\n\t\t\t\t<div class=\"elementor-widget-container\">\n\t\t\t\t\t<h2 class=\"elementor-heading-title elementor-size-default\">DESCUBRE PR\u00d3XIMAMENTE NUESTROS SERVICIOS<\/h2>\t\t\t\t<\/div>\n\t\t\t\t<\/div>\n\t\t\t\t<\/div>\n\t\t\t\t\t<\/div>\n\t\t\t\t<\/div>\n\t\t<div class=\"elementor-element elementor-element-ee003ff elementor-hidden-desktop elementor-hidden-tablet e-flex e-con-boxed e-con e-parent\" data-id=\"ee003ff\" data-element_type=\"container\" data-e-type=\"container\" data-settings=\"{&quot;background_background&quot;:&quot;classic&quot;}\">\n\t\t\t\t\t<div class=\"e-con-inner\">\n\t\t<div class=\"elementor-element elementor-element-dcaff6a e-grid e-con-boxed e-con e-child\" data-id=\"dcaff6a\" data-element_type=\"container\" data-e-type=\"container\">\n\t\t\t\t\t<div class=\"e-con-inner\">\n\t\t<div class=\"elementor-element elementor-element-f55add8 e-con-full e-flex e-con e-child\" data-id=\"f55add8\" data-element_type=\"container\" data-e-type=\"container\">\n\t\t\t\t<div class=\"elementor-element elementor-element-4efc94c elementor-widget elementor-widget-image\" data-id=\"4efc94c\" data-element_type=\"widget\" data-e-type=\"widget\" data-widget_type=\"image.default\">\n\t\t\t\t<div class=\"elementor-widget-container\">\n\t\t\t\t\t\t\t\t\t\t\t\t\t\t\t<img fetchpriority=\"high\" decoding=\"async\" width=\"324\" height=\"325\" src=\"https:\/\/attiva.es\/wp-content\/uploads\/2024\/07\/libro@2x.png\" class=\"attachment-full size-full wp-image-131\" alt=\"\" srcset=\"https:\/\/attiva.es\/wp-content\/uploads\/2024\/07\/libro@2x.png 324w, https:\/\/attiva.es\/wp-content\/uploads\/2024\/07\/libro@2x-300x300.png 300w, https:\/\/attiva.es\/wp-content\/uploads\/2024\/07\/libro@2x-150x150.png 150w\" sizes=\"(max-width: 324px) 100vw, 324px\" \/>\t\t\t\t\t\t\t\t\t\t\t\t\t\t\t<\/div>\n\t\t\t\t<\/div>\n\t\t\t\t<div class=\"elementor-element elementor-element-d117c0d elementor-widget elementor-widget-heading\" data-id=\"d117c0d\" data-element_type=\"widget\" data-e-type=\"widget\" data-widget_type=\"heading.default\">\n\t\t\t\t<div class=\"elementor-widget-container\">\n\t\t\t\t\t<h2 class=\"elementor-heading-title elementor-size-default\">FORMACI\u00d3N<\/h2>\t\t\t\t<\/div>\n\t\t\t\t<\/div>\n\t\t\t\t<\/div>\n\t\t<div class=\"elementor-element elementor-element-92422a1 e-con-full e-flex e-con e-child\" data-id=\"92422a1\" data-element_type=\"container\" data-e-type=\"container\">\n\t\t\t\t<div class=\"elementor-element elementor-element-80bc3b8 elementor-widget elementor-widget-image\" data-id=\"80bc3b8\" data-element_type=\"widget\" data-e-type=\"widget\" data-widget_type=\"image.default\">\n\t\t\t\t<div class=\"elementor-widget-container\">\n\t\t\t\t\t\t\t\t\t\t\t\t\t\t\t<img decoding=\"async\" width=\"325\" height=\"325\" src=\"https:\/\/attiva.es\/wp-content\/uploads\/2024\/07\/legal@2x.png\" class=\"attachment-full size-full wp-image-130\" alt=\"\" srcset=\"https:\/\/attiva.es\/wp-content\/uploads\/2024\/07\/legal@2x.png 325w, https:\/\/attiva.es\/wp-content\/uploads\/2024\/07\/legal@2x-300x300.png 300w, https:\/\/attiva.es\/wp-content\/uploads\/2024\/07\/legal@2x-150x150.png 150w\" sizes=\"(max-width: 325px) 100vw, 325px\" \/>\t\t\t\t\t\t\t\t\t\t\t\t\t\t\t<\/div>\n\t\t\t\t<\/div>\n\t\t\t\t<div class=\"elementor-element elementor-element-3c312e5 elementor-widget elementor-widget-heading\" data-id=\"3c312e5\" data-element_type=\"widget\" data-e-type=\"widget\" data-widget_type=\"heading.default\">\n\t\t\t\t<div class=\"elementor-widget-container\">\n\t\t\t\t\t<h2 class=\"elementor-heading-title elementor-size-default\">IMPLANTACIONES LEGALES<\/h2>\t\t\t\t<\/div>\n\t\t\t\t<\/div>\n\t\t\t\t<\/div>\n\t\t<div class=\"elementor-element elementor-element-c0f28cf e-con-full e-flex e-con e-child\" data-id=\"c0f28cf\" data-element_type=\"container\" data-e-type=\"container\">\n\t\t\t\t<div class=\"elementor-element elementor-element-25e141b elementor-widget elementor-widget-image\" data-id=\"25e141b\" data-element_type=\"widget\" data-e-type=\"widget\" data-widget_type=\"image.default\">\n\t\t\t\t<div class=\"elementor-widget-container\">\n\t\t\t\t\t\t\t\t\t\t\t\t\t\t\t<img decoding=\"async\" width=\"325\" height=\"325\" src=\"https:\/\/attiva.es\/wp-content\/uploads\/2024\/07\/call-centre@2x.png\" class=\"attachment-full size-full wp-image-128\" alt=\"\" srcset=\"https:\/\/attiva.es\/wp-content\/uploads\/2024\/07\/call-centre@2x.png 325w, https:\/\/attiva.es\/wp-content\/uploads\/2024\/07\/call-centre@2x-300x300.png 300w, https:\/\/attiva.es\/wp-content\/uploads\/2024\/07\/call-centre@2x-150x150.png 150w\" sizes=\"(max-width: 325px) 100vw, 325px\" \/>\t\t\t\t\t\t\t\t\t\t\t\t\t\t\t<\/div>\n\t\t\t\t<\/div>\n\t\t\t\t<div class=\"elementor-element elementor-element-4e6fbf5 elementor-widget elementor-widget-heading\" data-id=\"4e6fbf5\" data-element_type=\"widget\" data-e-type=\"widget\" data-widget_type=\"heading.default\">\n\t\t\t\t<div class=\"elementor-widget-container\">\n\t\t\t\t\t<h2 class=\"elementor-heading-title elementor-size-default\">CALL CENTER<\/h2>\t\t\t\t<\/div>\n\t\t\t\t<\/div>\n\t\t\t\t<\/div>\n\t\t<div class=\"elementor-element elementor-element-e3a0ed1 e-con-full e-flex e-con e-child\" data-id=\"e3a0ed1\" data-element_type=\"container\" data-e-type=\"container\">\n\t\t\t\t<div class=\"elementor-element elementor-element-579799f elementor-widget elementor-widget-image\" data-id=\"579799f\" data-element_type=\"widget\" data-e-type=\"widget\" data-widget_type=\"image.default\">\n\t\t\t\t<div class=\"elementor-widget-container\">\n\t\t\t\t\t\t\t\t\t\t\t\t\t\t\t<img loading=\"lazy\" decoding=\"async\" width=\"324\" height=\"325\" src=\"https:\/\/attiva.es\/wp-content\/uploads\/2024\/07\/diseno-web@2x.png\" class=\"attachment-full size-full wp-image-129\" alt=\"\" srcset=\"https:\/\/attiva.es\/wp-content\/uploads\/2024\/07\/diseno-web@2x.png 324w, https:\/\/attiva.es\/wp-content\/uploads\/2024\/07\/diseno-web@2x-300x300.png 300w, https:\/\/attiva.es\/wp-content\/uploads\/2024\/07\/diseno-web@2x-150x150.png 150w\" sizes=\"(max-width: 324px) 100vw, 324px\" \/>\t\t\t\t\t\t\t\t\t\t\t\t\t\t\t<\/div>\n\t\t\t\t<\/div>\n\t\t\t\t<div class=\"elementor-element elementor-element-ab7f5c3 elementor-widget elementor-widget-heading\" data-id=\"ab7f5c3\" data-element_type=\"widget\" data-e-type=\"widget\" data-widget_type=\"heading.default\">\n\t\t\t\t<div class=\"elementor-widget-container\">\n\t\t\t\t\t<h2 class=\"elementor-heading-title elementor-size-default\">DISE\u00d1O WEB<\/h2>\t\t\t\t<\/div>\n\t\t\t\t<\/div>\n\t\t\t\t<\/div>\n\t\t\t\t\t<\/div>\n\t\t\t\t<\/div>\n\t\t<div class=\"elementor-element elementor-element-bd901a8 e-con-full e-flex e-con e-child\" data-id=\"bd901a8\" data-element_type=\"container\" data-e-type=\"container\" data-settings=\"{&quot;background_background&quot;:&quot;classic&quot;}\">\n\t\t\t\t<div class=\"elementor-element elementor-element-39d5645 elementor-widget elementor-widget-heading\" data-id=\"39d5645\" data-element_type=\"widget\" data-e-type=\"widget\" data-widget_type=\"heading.default\">\n\t\t\t\t<div class=\"elementor-widget-container\">\n\t\t\t\t\t<h2 class=\"elementor-heading-title elementor-size-default\">DESCUBRE PR\u00d3XIMAMENTE NUESTROS SERVICIOS<\/h2>\t\t\t\t<\/div>\n\t\t\t\t<\/div>\n\t\t\t\t<\/div>\n\t\t\t\t\t<\/div>\n\t\t\t\t<\/div>\n\t\t\t\t<\/div>\n\t\t","protected":false},"excerpt":{"rendered":"<p>Somos Grupo Attiva, un grupo empresarial conformado por entidades destacadas especializadas en multitud de servicios Actualmente estamos trabajando en mejorar attiva.es para nuestros m\u00e1s de 90.000 clientes Podremos ofrecerles nuestros servicios muy pronto FORMACI\u00d3N IMPLANTACIONES LEGALES CALL CENTER DISE\u00d1O WEB DESCUBRE PR\u00d3XIMAMENTE NUESTROS SERVICIOS FORMACI\u00d3N IMPLANTACIONES LEGALES CALL CENTER DISE\u00d1O WEB DESCUBRE PR\u00d3XIMAMENTE NUESTROS SERVICIOS<\/p>\n","protected":false},"author":2,"featured_media":0,"parent":0,"menu_order":0,"comment_status":"closed","ping_status":"closed","template":"","meta":{"footnotes":""},"class_list":["post-15","page","type-page","status-publish","hentry"],"_links":{"self":[{"href":"https:\/\/attiva.es\/index.php?rest_route=\/wp\/v2\/pages\/15","targetHints":{"allow":["GET"]}}],"collection":[{"href":"https:\/\/attiva.es\/index.php?rest_route=\/wp\/v2\/pages"}],"about":[{"href":"https:\/\/attiva.es\/index.php?rest_route=\/wp\/v2\/types\/page"}],"author":[{"embeddable":true,"href":"https:\/\/attiva.es\/index.php?rest_route=\/wp\/v2\/users\/2"}],"replies":[{"embeddable":true,"href":"https:\/\/attiva.es\/index.php?rest_route=%2Fwp%2Fv2%2Fcomments&post=15"}],"version-history":[{"count":131,"href":"https:\/\/attiva.es\/index.php?rest_route=\/wp\/v2\/pages\/15\/revisions"}],"predecessor-version":[{"id":204,"href":"https:\/\/attiva.es\/index.php?rest_route=\/wp\/v2\/pages\/15\/revisions\/204"}],"wp:attachment":[{"href":"https:\/\/attiva.es\/index.php?rest_route=%2Fwp%2Fv2%2Fmedia&parent=15"}],"curies":[{"name":"wp","href":"https:\/\/api.w.org\/{rel}","templated":true}]}}